{"id":20,"date":"2010-09-06T12:17:16","date_gmt":"2010-09-06T12:17:16","guid":{"rendered":"http:\/\/www.printstudio.com.pt\/web\/?page_id=20"},"modified":"2025-02-04T17:42:31","modified_gmt":"2025-02-04T17:42:31","slug":"contactos","status":"publish","type":"page","link":"https:\/\/printstudio.com.pt\/web\/contactos\/","title":{"rendered":"Contacto:"},"content":{"rendered":"\n<p>Bem vindo \u00e0 p\u00e1gina de contacto. <\/p>\n\n\n\n<p><strong>Atelier Sueste<\/strong> (Algarve) Oficina \/<em><a href=\"https:\/\/printstudio.com.pt\/web\/\" title=\"Est\u00fadio de Impress\u00e3o Digital\"> Est\u00fadio de impress\u00e3o<\/a><\/em>: <br \/>Rua Marianela Vasconcelos, 135 (Cerro do Galo); 8135-028 <strong>Almancil<\/strong> PT. <br \/>Ver no <a href=\"https:\/\/www.google.com\/maps\/place\/Atelier+Sueste+-+Print+Studio\/@37.086161,-8.01659,11z\/data=!4m5!3m4!1s0x0:0xf1fcdeef54244b6c!8m2!3d37.086161!4d-8.01659?hl=pt-PT\" target=\"_blank\" rel=\"noreferrer noopener\">Google Maps<\/a><br \/>Email: ateliersueste@gmail.com<\/p>\n\n\n\n<p>Contacto: <em>Paulo S\u00e9rgio (gerente) <\/em><br \/>M\u00f3vel \/ Whatsapp: &nbsp;+351 : 966 908 221 ou fixo: +351 : 289 316 354<\/p>\n\n\n\n<ul class=\"wp-block-list\">\n<li><strong><mark style=\"background-color:rgba(0, 0, 0, 0);color:#fde79a\" class=\"has-inline-color\">Todos os servi\u00e7os por marca\u00e7\u00e3o! N\u00e3o temos loja aberta!<\/mark><\/strong><\/li>\n<\/ul>\n\n\n\n<p><strong>Por favor preencha o formul\u00e1rio para contactar (perferencial):<\/strong><\/p>\n\n\n<div class=\"wp-block-jetpack-contact-form is-layout-flex wp-container-jetpack-contact-form-is-layout-b7ed9015 wp-block-jetpack-contact-form-is-layout-flex\"><a href=\"https:\/\/printstudio.com.pt\/web\/contactos\/\" target=\"_blank\" rel=\"noopener noreferrer\">Submit a form.<\/a><\/div>\n\n\n<p><\/p>\n\n\n\n<p><mark style=\"background-color:rgba(0, 0, 0, 0);color:#fde79a\" class=\"has-inline-color\">Todos os nossos servi\u00e7os e entregas ser\u00e3o feitos por marca\u00e7\u00e3o, contacte-nos antes de se dirigir ao atelier, por email, mensagem ou telefone (obrigado).<\/mark><\/p>\n\n\n\n<p>O envio de ficheiros JPG ou outro formato, preferencialmente por <a href=\"https:\/\/wetransfer.com\/\" target=\"_blank\" rel=\"noreferrer noopener\" title=\"Wetransfer\">Wetransfer<\/a> ou <a href=\"https:\/\/www.google.com\/intl\/pt-PT\/drive\/\" title=\"GoogleDrive\">GoogleDrive<\/a> ou email.<\/p>\n\n\n\n<p>Aceitamos pagamentos via MBWay, Paypal, transfer\u00eancia banc\u00e1ria ou em dinheiro. <\/p>\n\n\n\n<p>Para qualquer d\u00favida n\u00e3o hesite em contactar-nos.<\/p>\n\n\n\n<p><\/p>\n\n\n\n<p>Localiza\u00e7\u00e3o: Ver no <a href=\"https:\/\/www.google.com\/maps\/place\/Atelier+Sueste+-+Print+Studio\/@37.086161,-8.01659,11z\/data=!4m5!3m4!1s0x0:0xf1fcdeef54244b6c!8m2!3d37.086161!4d-8.01659?hl=pt-PT\" target=\"_blank\" rel=\"noreferrer noopener\">Google Maps<\/a><\/p>\n\n\n\n<figure class=\"wp-block-image size-large\"><a href=\"https:\/\/www.google.com\/maps\/place\/Atelier+Sueste+-+Print+Studio\/@37.086161,-8.01659,11z\/data=!4m5!3m4!1s0x0:0xf1fcdeef54244b6c!8m2!3d37.086161!4d-8.01659?hl=pt-PT\" target=\"_blank\" rel=\" noreferrer noopener\"><img data-recalc-dims=\"1\" loading=\"lazy\" decoding=\"async\" width=\"600\" height=\"332\" data-attachment-id=\"4030\" data-permalink=\"https:\/\/printstudio.com.pt\/web\/contactos\/mapa-ateliersueste-almancil-2\/\" data-orig-file=\"https:\/\/i0.wp.com\/printstudio.com.pt\/web\/wp-content\/uploads\/2025\/02\/mapa-ateliersueste-almancil-1-scaled.jpg?fit=2560%2C1418&amp;ssl=1\" data-orig-size=\"2560,1418\" data-comments-opened=\"0\" data-image-meta=\"{&quot;aperture&quot;:&quot;0&quot;,&quot;credit&quot;:&quot;At.Sueste&quot;,&quot;camera&quot;:&quot;&quot;,&quot;caption&quot;:&quot;&quot;,&quot;created_timestamp&quot;:&quot;0&quot;,&quot;copyright&quot;:&quot;&quot;,&quot;focal_length&quot;:&quot;0&quot;,&quot;iso&quot;:&quot;0&quot;,&quot;shutter_speed&quot;:&quot;0&quot;,&quot;title&quot;:&quot;&quot;,&quot;orientation&quot;:&quot;0&quot;}\" data-image-title=\"mapa ateliersueste almancil\" data-image-description=\"\" data-image-caption=\"\" data-large-file=\"https:\/\/i0.wp.com\/printstudio.com.pt\/web\/wp-content\/uploads\/2025\/02\/mapa-ateliersueste-almancil-1-scaled.jpg?fit=600%2C332&amp;ssl=1\" src=\"https:\/\/i0.wp.com\/printstudio.com.pt\/web\/wp-content\/uploads\/2025\/02\/mapa-ateliersueste-almancil-1.jpg?resize=600%2C332&#038;ssl=1\" alt=\"Contacto Atelier Sueste - Print Studio\" class=\"wp-image-4030\" srcset=\"https:\/\/i0.wp.com\/printstudio.com.pt\/web\/wp-content\/uploads\/2025\/02\/mapa-ateliersueste-almancil-1-scaled.jpg?resize=600%2C332&amp;ssl=1 600w, https:\/\/i0.wp.com\/printstudio.com.pt\/web\/wp-content\/uploads\/2025\/02\/mapa-ateliersueste-almancil-1-scaled.jpg?resize=300%2C166&amp;ssl=1 300w, https:\/\/i0.wp.com\/printstudio.com.pt\/web\/wp-content\/uploads\/2025\/02\/mapa-ateliersueste-almancil-1-scaled.jpg?resize=768%2C426&amp;ssl=1 768w, https:\/\/i0.wp.com\/printstudio.com.pt\/web\/wp-content\/uploads\/2025\/02\/mapa-ateliersueste-almancil-1-scaled.jpg?resize=1536%2C851&amp;ssl=1 1536w, https:\/\/i0.wp.com\/printstudio.com.pt\/web\/wp-content\/uploads\/2025\/02\/mapa-ateliersueste-almancil-1-scaled.jpg?resize=2048%2C1135&amp;ssl=1 2048w\" sizes=\"auto, (max-width: 600px) 100vw, 600px\" \/><\/a><figcaption class=\"wp-element-caption\">Localiza\u00e7\u00e3o do Atelier Sueste (click para ver no google maps) <\/figcaption><\/figure>\n\n\n\n<p>P\u00e1gina Geral: <a href=\"http:\/\/www.ateliersueste.com\">AtelierSueste.com<\/a><\/p>\n\n\n<ul class=\"wp-block-categories-list wp-block-categories\">\t<li class=\"cat-item cat-item-9\"><a href=\"https:\/\/printstudio.com.pt\/web\/Outro\/sistemas-de-exposicao\/\">Expositores<\/a>\n<\/li>\n\t<li class=\"cat-item cat-item-113\"><a href=\"https:\/\/printstudio.com.pt\/web\/Outro\/photo-fine-art\/\">Photo &amp; Fine Art<\/a>\n<ul class='children'>\n\t<li class=\"cat-item cat-item-63\"><a href=\"https:\/\/printstudio.com.pt\/web\/Outro\/photo-fine-art\/impressao-em-tela\/\">Impress\u00e3o em Tela<\/a>\n<\/li>\n\t<li class=\"cat-item cat-item-21\"><a href=\"https:\/\/printstudio.com.pt\/web\/Outro\/photo-fine-art\/posters\/\">Posters<\/a>\n<\/li>\n<\/ul>\n<\/li>\n\t<li class=\"cat-item cat-item-20\"><a href=\"https:\/\/printstudio.com.pt\/web\/Outro\/decoracao\/\">Suportes e Decora\u00e7\u00e3o<\/a>\n<\/li>\n\t<li class=\"cat-item cat-item-17\"><a href=\"https:\/\/printstudio.com.pt\/web\/Outro\/works\/\">Works<\/a>\n<ul class='children'>\n\t<li class=\"cat-item cat-item-1\"><a href=\"https:\/\/printstudio.com.pt\/web\/Outro\/works\/outro\/\">Outras<\/a>\n<\/li>\n<\/ul>\n<\/li>\n<\/ul>\n\n\n<p><\/p>\n","protected":false},"excerpt":{"rendered":"<p>Bem vindo \u00e0 p\u00e1gina de contacto. Atelier Sueste (Algarve) Oficina \/ Est\u00fadio de impress\u00e3o: Rua Marianela Vasconcelos, 135 (Cerro do Galo); 8135-028 Almancil PT. Ver no Google MapsEmail: ateliersueste@gmail.com Contacto: Paulo S\u00e9rgio (gerente) M\u00f3vel \/ Whatsapp: &nbsp;+351 : 966 908 221 ou fixo: +351 : 289 316 354 Por favor preencha o formul\u00e1rio para contactar [&hellip;]<\/p>\n","protected":false},"author":2,"featured_media":2289,"parent":0,"menu_order":0,"comment_status":"closed","ping_status":"open","template":"","meta":{"footnotes":""},"class_list":["post-20","page","type-page","status-publish","has-post-thumbnail","hentry"],"yoast_head":"<!-- This site is optimized with the Yoast SEO plugin v27.3 - https:\/\/yoast.com\/product\/yoast-seo-wordpress\/ -->\n<title>Contacto: | Fine Art Print Studio<\/title>\n<meta name=\"robots\" content=\"index, follow, max-snippet:-1, max-image-preview:large, max-video-preview:-1\" \/>\n<link rel=\"canonical\" href=\"https:\/\/printstudio.com.pt\/web\/contactos\/\" \/>\n<meta property=\"og:locale\" content=\"pt_PT\" \/>\n<meta property=\"og:type\" content=\"article\" \/>\n<meta property=\"og:title\" content=\"Atelier Sueste - Print Studio\" \/>\n<meta property=\"og:description\" content=\"Design gr\u00e1fico e arte final, atelier de publicidade e impress\u00e3o digital, fotografia em grandes formatos. Edi\u00e7\u00e3o e grafismo digital para audio e video.\" \/>\n<meta property=\"og:url\" content=\"https:\/\/printstudio.com.pt\/web\/contactos\/\" \/>\n<meta property=\"og:site_name\" content=\"Fine Art Print Studio\" \/>\n<meta property=\"article:publisher\" content=\"https:\/\/www.facebook.com\/ateliersueste\/\" \/>\n<meta property=\"article:modified_time\" content=\"2025-02-04T17:42:31+00:00\" \/>\n<meta property=\"og:image\" content=\"http:\/\/www.printstudio.com.pt\/web\/wp-content\/uploads\/2016\/04\/ateliersueste-algarve.jpg\" \/>\n<meta name=\"twitter:card\" content=\"summary_large_image\" \/>\n<meta name=\"twitter:label1\" content=\"Tempo estimado de leitura\" \/>\n\t<meta name=\"twitter:data1\" content=\"1 minuto\" \/>\n<script type=\"application\/ld+json\" class=\"yoast-schema-graph\">{\"@context\":\"https:\\\/\\\/schema.org\",\"@graph\":[{\"@type\":\"WebPage\",\"@id\":\"https:\\\/\\\/printstudio.com.pt\\\/web\\\/contactos\\\/\",\"url\":\"https:\\\/\\\/printstudio.com.pt\\\/web\\\/contactos\\\/\",\"name\":\"Contacto: | Fine Art Print Studio\",\"isPartOf\":{\"@id\":\"https:\\\/\\\/printstudio.com.pt\\\/web\\\/#website\"},\"primaryImageOfPage\":{\"@id\":\"https:\\\/\\\/printstudio.com.pt\\\/web\\\/contactos\\\/#primaryimage\"},\"image\":{\"@id\":\"https:\\\/\\\/printstudio.com.pt\\\/web\\\/contactos\\\/#primaryimage\"},\"thumbnailUrl\":\"https:\\\/\\\/i0.wp.com\\\/printstudio.com.pt\\\/web\\\/wp-content\\\/uploads\\\/2022\\\/02\\\/imprimir.jpg?fit=1000%2C419&ssl=1\",\"datePublished\":\"2010-09-06T12:17:16+00:00\",\"dateModified\":\"2025-02-04T17:42:31+00:00\",\"breadcrumb\":{\"@id\":\"https:\\\/\\\/printstudio.com.pt\\\/web\\\/contactos\\\/#breadcrumb\"},\"inLanguage\":\"pt-PT\",\"potentialAction\":[{\"@type\":\"ReadAction\",\"target\":[\"https:\\\/\\\/printstudio.com.pt\\\/web\\\/contactos\\\/\"]}]},{\"@type\":\"ImageObject\",\"inLanguage\":\"pt-PT\",\"@id\":\"https:\\\/\\\/printstudio.com.pt\\\/web\\\/contactos\\\/#primaryimage\",\"url\":\"https:\\\/\\\/i0.wp.com\\\/printstudio.com.pt\\\/web\\\/wp-content\\\/uploads\\\/2022\\\/02\\\/imprimir.jpg?fit=1000%2C419&ssl=1\",\"contentUrl\":\"https:\\\/\\\/i0.wp.com\\\/printstudio.com.pt\\\/web\\\/wp-content\\\/uploads\\\/2022\\\/02\\\/imprimir.jpg?fit=1000%2C419&ssl=1\",\"width\":1000,\"height\":419,\"caption\":\"Contacte-nos\"},{\"@type\":\"BreadcrumbList\",\"@id\":\"https:\\\/\\\/printstudio.com.pt\\\/web\\\/contactos\\\/#breadcrumb\",\"itemListElement\":[{\"@type\":\"ListItem\",\"position\":1,\"name\":\"In\u00edcio\",\"item\":\"https:\\\/\\\/printstudio.com.pt\\\/web\\\/\"},{\"@type\":\"ListItem\",\"position\":2,\"name\":\"Contacto:\"}]},{\"@type\":\"WebSite\",\"@id\":\"https:\\\/\\\/printstudio.com.pt\\\/web\\\/#website\",\"url\":\"https:\\\/\\\/printstudio.com.pt\\\/web\\\/\",\"name\":\"Fine Art Print Studio\",\"description\":\"Oficina de impress\u00e3o digital fotografia &amp; fine-art; Recorte de vinil, sinal\u00e9tica...\",\"publisher\":{\"@id\":\"https:\\\/\\\/printstudio.com.pt\\\/web\\\/#organization\"},\"alternateName\":\"Atelier Sueste\",\"potentialAction\":[{\"@type\":\"SearchAction\",\"target\":{\"@type\":\"EntryPoint\",\"urlTemplate\":\"https:\\\/\\\/printstudio.com.pt\\\/web\\\/?s={search_term_string}\"},\"query-input\":{\"@type\":\"PropertyValueSpecification\",\"valueRequired\":true,\"valueName\":\"search_term_string\"}}],\"inLanguage\":\"pt-PT\"},{\"@type\":\"Organization\",\"@id\":\"https:\\\/\\\/printstudio.com.pt\\\/web\\\/#organization\",\"name\":\"Atelier Sueste\",\"url\":\"https:\\\/\\\/printstudio.com.pt\\\/web\\\/\",\"logo\":{\"@type\":\"ImageObject\",\"inLanguage\":\"pt-PT\",\"@id\":\"https:\\\/\\\/printstudio.com.pt\\\/web\\\/#\\\/schema\\\/logo\\\/image\\\/\",\"url\":\"https:\\\/\\\/i0.wp.com\\\/printstudio.com.pt\\\/web\\\/wp-content\\\/uploads\\\/2016\\\/04\\\/cropped-ateliersueste-algarve-1.jpg?fit=240%2C229&ssl=1\",\"contentUrl\":\"https:\\\/\\\/i0.wp.com\\\/printstudio.com.pt\\\/web\\\/wp-content\\\/uploads\\\/2016\\\/04\\\/cropped-ateliersueste-algarve-1.jpg?fit=240%2C229&ssl=1\",\"width\":240,\"height\":229,\"caption\":\"Atelier Sueste\"},\"image\":{\"@id\":\"https:\\\/\\\/printstudio.com.pt\\\/web\\\/#\\\/schema\\\/logo\\\/image\\\/\"},\"sameAs\":[\"https:\\\/\\\/www.facebook.com\\\/ateliersueste\\\/\",\"https:\\\/\\\/www.instagram.com\\\/ateliersueste\\\/\"]}]}<\/script>\n<!-- \/ Yoast SEO plugin. -->","yoast_head_json":{"title":"Contacto: | Fine Art Print Studio","robots":{"index":"index","follow":"follow","max-snippet":"max-snippet:-1","max-image-preview":"max-image-preview:large","max-video-preview":"max-video-preview:-1"},"canonical":"https:\/\/printstudio.com.pt\/web\/contactos\/","og_locale":"pt_PT","og_type":"article","og_title":"Atelier Sueste - Print Studio","og_description":"Design gr\u00e1fico e arte final, atelier de publicidade e impress\u00e3o digital, fotografia em grandes formatos. Edi\u00e7\u00e3o e grafismo digital para audio e video.","og_url":"https:\/\/printstudio.com.pt\/web\/contactos\/","og_site_name":"Fine Art Print Studio","article_publisher":"https:\/\/www.facebook.com\/ateliersueste\/","article_modified_time":"2025-02-04T17:42:31+00:00","og_image":[{"url":"http:\/\/www.printstudio.com.pt\/web\/wp-content\/uploads\/2016\/04\/ateliersueste-algarve.jpg","type":"","width":"","height":""}],"twitter_card":"summary_large_image","twitter_misc":{"Tempo estimado de leitura":"1 minuto"},"schema":{"@context":"https:\/\/schema.org","@graph":[{"@type":"WebPage","@id":"https:\/\/printstudio.com.pt\/web\/contactos\/","url":"https:\/\/printstudio.com.pt\/web\/contactos\/","name":"Contacto: | Fine Art Print Studio","isPartOf":{"@id":"https:\/\/printstudio.com.pt\/web\/#website"},"primaryImageOfPage":{"@id":"https:\/\/printstudio.com.pt\/web\/contactos\/#primaryimage"},"image":{"@id":"https:\/\/printstudio.com.pt\/web\/contactos\/#primaryimage"},"thumbnailUrl":"https:\/\/i0.wp.com\/printstudio.com.pt\/web\/wp-content\/uploads\/2022\/02\/imprimir.jpg?fit=1000%2C419&ssl=1","datePublished":"2010-09-06T12:17:16+00:00","dateModified":"2025-02-04T17:42:31+00:00","breadcrumb":{"@id":"https:\/\/printstudio.com.pt\/web\/contactos\/#breadcrumb"},"inLanguage":"pt-PT","potentialAction":[{"@type":"ReadAction","target":["https:\/\/printstudio.com.pt\/web\/contactos\/"]}]},{"@type":"ImageObject","inLanguage":"pt-PT","@id":"https:\/\/printstudio.com.pt\/web\/contactos\/#primaryimage","url":"https:\/\/i0.wp.com\/printstudio.com.pt\/web\/wp-content\/uploads\/2022\/02\/imprimir.jpg?fit=1000%2C419&ssl=1","contentUrl":"https:\/\/i0.wp.com\/printstudio.com.pt\/web\/wp-content\/uploads\/2022\/02\/imprimir.jpg?fit=1000%2C419&ssl=1","width":1000,"height":419,"caption":"Contacte-nos"},{"@type":"BreadcrumbList","@id":"https:\/\/printstudio.com.pt\/web\/contactos\/#breadcrumb","itemListElement":[{"@type":"ListItem","position":1,"name":"In\u00edcio","item":"https:\/\/printstudio.com.pt\/web\/"},{"@type":"ListItem","position":2,"name":"Contacto:"}]},{"@type":"WebSite","@id":"https:\/\/printstudio.com.pt\/web\/#website","url":"https:\/\/printstudio.com.pt\/web\/","name":"Fine Art Print Studio","description":"Oficina de impress\u00e3o digital fotografia &amp; fine-art; Recorte de vinil, sinal\u00e9tica...","publisher":{"@id":"https:\/\/printstudio.com.pt\/web\/#organization"},"alternateName":"Atelier Sueste","potentialAction":[{"@type":"SearchAction","target":{"@type":"EntryPoint","urlTemplate":"https:\/\/printstudio.com.pt\/web\/?s={search_term_string}"},"query-input":{"@type":"PropertyValueSpecification","valueRequired":true,"valueName":"search_term_string"}}],"inLanguage":"pt-PT"},{"@type":"Organization","@id":"https:\/\/printstudio.com.pt\/web\/#organization","name":"Atelier Sueste","url":"https:\/\/printstudio.com.pt\/web\/","logo":{"@type":"ImageObject","inLanguage":"pt-PT","@id":"https:\/\/printstudio.com.pt\/web\/#\/schema\/logo\/image\/","url":"https:\/\/i0.wp.com\/printstudio.com.pt\/web\/wp-content\/uploads\/2016\/04\/cropped-ateliersueste-algarve-1.jpg?fit=240%2C229&ssl=1","contentUrl":"https:\/\/i0.wp.com\/printstudio.com.pt\/web\/wp-content\/uploads\/2016\/04\/cropped-ateliersueste-algarve-1.jpg?fit=240%2C229&ssl=1","width":240,"height":229,"caption":"Atelier Sueste"},"image":{"@id":"https:\/\/printstudio.com.pt\/web\/#\/schema\/logo\/image\/"},"sameAs":["https:\/\/www.facebook.com\/ateliersueste\/","https:\/\/www.instagram.com\/ateliersueste\/"]}]}},"jetpack_shortlink":"https:\/\/wp.me\/P88XbO-k","jetpack-related-posts":[{"id":4004,"url":"https:\/\/printstudio.com.pt\/web\/contactos-2\/","url_meta":{"origin":20,"position":0},"title":"Contacto","author":"Atelier Sueste","date":"31 de Janeiro de 2025","format":false,"excerpt":"Atelier Sueste (Algarve) Oficina \/ Est\u00fadio de impress\u00e3o:Rua Marianela Vasconcelos, 135 (Cerro do Galo); 8135-028 Almancil PT.Ver no Google MapsEmail: ateliersueste@gmail.com Contacto: Paulo S\u00e9rgio (gerente)M\u00f3vel \/ Whatsapp: \u00a0+351 : 966 908 221 ou fixo: +351 : 289 316 354 Todos os servi\u00e7os por marca\u00e7\u00e3o! N\u00e3o temos loja aberta! Por favor\u2026","rel":"","context":"Similar post","block_context":{"text":"Similar post","link":""},"img":{"alt_text":"","src":"https:\/\/i0.wp.com\/printstudio.com.pt\/web\/wp-content\/uploads\/2023\/07\/imprimir.jpg?fit=1000%2C419&ssl=1&resize=350%2C200","width":350,"height":200,"srcset":"https:\/\/i0.wp.com\/printstudio.com.pt\/web\/wp-content\/uploads\/2023\/07\/imprimir.jpg?fit=1000%2C419&ssl=1&resize=350%2C200 1x, https:\/\/i0.wp.com\/printstudio.com.pt\/web\/wp-content\/uploads\/2023\/07\/imprimir.jpg?fit=1000%2C419&ssl=1&resize=525%2C300 1.5x, https:\/\/i0.wp.com\/printstudio.com.pt\/web\/wp-content\/uploads\/2023\/07\/imprimir.jpg?fit=1000%2C419&ssl=1&resize=700%2C400 2x"},"classes":[]},{"id":1681,"url":"https:\/\/printstudio.com.pt\/web\/estudio-de-impressao-digital\/","url_meta":{"origin":20,"position":1},"title":"Est\u00fadio de Impress\u00e3o Fine-Art Gicl\u00e9e","author":"Atelier Sueste","date":"9 de Fevereiro de 2021","format":false,"excerpt":"tr\u00eas fotografias de m\u00e9dio formato expostas em salaPrint Studio Workshop 2023Modern Poster by Anthony Boyd GraphicsFotografia em Grandes Formatos (Photo Premium) Tela Art\u00ecstica (Fine Art Canvas) Arte em PCV SmartX 10mm (Fine Print on PVC Board)Fotografia em PVC 10mm Impress\u00e3o fotografia e fine artFine Art workingPoster Print StudioPoster para decora\u00e7\u00e3o\u2026","rel":"","context":"Similar post","block_context":{"text":"Similar post","link":""},"img":{"alt_text":"","src":"https:\/\/i0.wp.com\/printstudio.com.pt\/web\/wp-content\/uploads\/2021\/04\/IMG_20170921_114434.jpg?fit=1200%2C675&ssl=1&resize=350%2C200","width":350,"height":200,"srcset":"https:\/\/i0.wp.com\/printstudio.com.pt\/web\/wp-content\/uploads\/2021\/04\/IMG_20170921_114434.jpg?fit=1200%2C675&ssl=1&resize=350%2C200 1x, https:\/\/i0.wp.com\/printstudio.com.pt\/web\/wp-content\/uploads\/2021\/04\/IMG_20170921_114434.jpg?fit=1200%2C675&ssl=1&resize=525%2C300 1.5x, https:\/\/i0.wp.com\/printstudio.com.pt\/web\/wp-content\/uploads\/2021\/04\/IMG_20170921_114434.jpg?fit=1200%2C675&ssl=1&resize=700%2C400 2x, https:\/\/i0.wp.com\/printstudio.com.pt\/web\/wp-content\/uploads\/2021\/04\/IMG_20170921_114434.jpg?fit=1200%2C675&ssl=1&resize=1050%2C600 3x"},"classes":[]}],"jetpack_likes_enabled":false,"jetpack_sharing_enabled":true,"_links":{"self":[{"href":"https:\/\/printstudio.com.pt\/web\/wp-json\/wp\/v2\/pages\/20","targetHints":{"allow":["GET"]}}],"collection":[{"href":"https:\/\/printstudio.com.pt\/web\/wp-json\/wp\/v2\/pages"}],"about":[{"href":"https:\/\/printstudio.com.pt\/web\/wp-json\/wp\/v2\/types\/page"}],"author":[{"embeddable":true,"href":"https:\/\/printstudio.com.pt\/web\/wp-json\/wp\/v2\/users\/2"}],"replies":[{"embeddable":true,"href":"https:\/\/printstudio.com.pt\/web\/wp-json\/wp\/v2\/comments?post=20"}],"version-history":[{"count":4,"href":"https:\/\/printstudio.com.pt\/web\/wp-json\/wp\/v2\/pages\/20\/revisions"}],"predecessor-version":[{"id":4037,"href":"https:\/\/printstudio.com.pt\/web\/wp-json\/wp\/v2\/pages\/20\/revisions\/4037"}],"wp:featuredmedia":[{"embeddable":true,"href":"https:\/\/printstudio.com.pt\/web\/wp-json\/wp\/v2\/media\/2289"}],"wp:attachment":[{"href":"https:\/\/printstudio.com.pt\/web\/wp-json\/wp\/v2\/media?parent=20"}],"curies":[{"name":"wp","href":"https:\/\/api.w.org\/{rel}","templated":true}]}}